{"id":1746,"date":"2026-02-09T11:19:06","date_gmt":"2026-02-09T11:19:06","guid":{"rendered":"https:\/\/kampadev.wpenginepowered.com\/?page_id=1746"},"modified":"2026-02-12T16:09:46","modified_gmt":"2026-02-12T16:09:46","slug":"cookie-richtlinie","status":"publish","type":"page","link":"https:\/\/kampaoutdoors.com\/de\/cookie-policy\/","title":{"rendered":"Cookie-Richtlinie"},"content":{"rendered":"<div class=\"wp-block-group do-not-translate is-layout-constrained wp-block-group-is-layout-constrained\">\n<h2 class=\"wp-block-heading\">Cookie-Politik<\/h2>\n\n\n\n<p>Wir bei Dometic respektieren Ihre Bedenken hinsichtlich des Datenschutzes. In diesem Cookie-Hinweis (der \u201cHinweis\u201d) wird erl\u00e4utert, wie die Dometic Group AB (Publ.) und ihre verbundenen Unternehmen Cookies und andere \u00e4hnliche Technologien verwenden, um Sie zu erkennen, wenn Sie unsere Websites besuchen, die mit diesem Hinweis verlinkt sind (die \u201cWebsite\u201d). Es wird erkl\u00e4rt, was diese Technologien sind und warum wir sie verwenden, und es werden Ihre Rechte erl\u00e4utert.<\/p>\n\n\n\n<h4 class=\"wp-block-heading\">WAS IST EIN KEKS?<\/h4>\n\n\n\n<p>Cookies sind kleine Textdateien mit Informationen, die von der von Ihnen besuchten Website auf Ihrem Computer oder Mobilger\u00e4t gespeichert werden, um bestimmte Informationen \u00fcber Ihre Nutzung der Website zu speichern. Weitere Informationen \u00fcber Cookies finden Sie unter&nbsp;<a target=\"_blank\" rel=\"noreferrer noopener\" href=\"http:\/\/www.allaboutcookies.org\/\">www.allaboutcookies.org<\/a>.<br>Der Begriff \u201cCookie\u201d wird in diesem Hinweis im weitesten Sinne verwendet und umfasst alle \u00e4hnlichen Techniken und Technologien, einschlie\u00dflich Z\u00e4hlpixel, Web-Beacons und Protokolldateien.<\/p>\n\n\n\n<h4 class=\"wp-block-heading\">ARTEN DER ERFASSTEN INFORMATIONEN UND GR\u00dcNDE F\u00dcR DIE ERFASSUNG<\/h4>\n\n\n\n<p>Cookies helfen uns, Ihre Nutzung unserer Website besser zu verstehen, und erm\u00f6glichen es uns unter anderem, unseren Webbesuchern eine pers\u00f6nlichere und einheitlichere Erfahrung zu bieten. Im Folgenden finden Sie Beispiele f\u00fcr die Arten von Informationen, die wir durch Cookies sammeln:<\/p>\n\n\n\n<ul class=\"wp-block-list\">\n<li>die Anzahl der Nutzer, die die Website besuchen, die aufgerufenen Seiten, die auf der Website get\u00e4tigten Klicks und die Gesamtdauer der Navigation auf der Website<\/li>\n\n\n\n<li>Ob Sie die Website zum ersten Mal besuchen oder nicht<\/li>\n\n\n\n<li>Ihre Sehgewohnheiten (z. B. Markt, Sprache usw.)<\/li>\n<\/ul>\n\n\n\n<p>Bitte beachten Sie, dass wir Ihren Namen oder Ihre E-Mail-Adresse nicht \u00fcber Cookies erfassen.<\/p>\n\n\n\n<p>Dar\u00fcber hinaus erm\u00f6glichen uns die Cookies Folgendes:<\/p>\n\n\n\n<ul class=\"wp-block-list\">\n<li>Personalisierung Ihres Besuchs - wir k\u00f6nnen die w\u00e4hrend Ihres Besuchs gesammelten Informationen verwenden, um Ihren n\u00e4chsten Besuch auf unserer Website zu erleichtern<\/li>\n\n\n\n<li>Anpassung der auf der Website erscheinenden Werbe- und Marketingbotschaften, unabh\u00e4ngig davon, ob es sich um unsere eigenen oder die von Dritten handelt. Dazu geh\u00f6rt z. B. die Identifizierung der Funktionen unserer Website, die Sie interessieren, und die Empfehlung von entsprechendem Zubeh\u00f6r f\u00fcr Ihre Dometic Produkte.<\/li>\n\n\n\n<li>Analyse von Kundentrends: Wir stellen Informationen \u00fcber unsere Website-Besuche zusammen und analysieren sie in ihrer Gesamtheit in aggregierter Form. Diese Art von Studie zielt darauf ab, Trends unter vielen Besuchern unserer Website zu erkennen, anstatt die Informationen eines bestimmten Besuchers zu analysieren.<br>&nbsp;<\/li>\n<\/ul>\n\n\n\n<h4 class=\"wp-block-heading\">ART DER VON UNS VERWENDETEN COOKIES<\/h4>\n\n\n\n<p>Wir verwenden Cookies von Erstanbietern und Dritten aus verschiedenen Gr\u00fcnden. Einige Cookies sind aus technischer Sicht f\u00fcr den Betrieb unserer Website und\/oder die Bereitstellung grundlegender Funktionen f\u00fcr Sie erforderlich und wir bezeichnen diese als \u201cnotwendige\u201d Cookies. Andere Cookies erm\u00f6glichen es uns, die Interessen unserer Nutzer zu verfolgen und zu verfolgen und die Erfahrung auf unserer Website zu verbessern. Auch Dritte setzen \u00fcber unsere Website Cookies zu Werbe-, Analyse- und anderen Zwecken ein. Die spezifischen Arten von Cookies von Erst- und Drittanbietern, die auf unserer Website verwendet werden, und die Zwecke, die sie erf\u00fcllen, werden im Folgenden genauer beschrieben.<\/p>\n\n\n\n<h5 class=\"wp-block-heading\">ERSTANBIETER-COOKIES<\/h5>\n\n\n\n<p>Diese Cookies werden von Dometic erstellt. Sie werden gr\u00f6\u00dftenteils verwendet, um Ihnen das Surfen auf unserer Website und die Nutzung ihrer Funktionen zu erm\u00f6glichen. Sie k\u00f6nnen auch zu Analysezwecken verwendet werden.<\/p>\n\n\n\n<h5 class=\"wp-block-heading\">DRITTANBIETER-COOKIES<\/h5>\n\n\n\n<p>Zus\u00e4tzlich zu unseren eigenen Cookies k\u00f6nnen einige Drittanbieter und angeschlossene Unternehmen Cookies auf Ihrem Computer platzieren, auf sie zugreifen und Web-Beacons mit ihnen verkn\u00fcpfen. Diese Cookies erm\u00f6glichen die Bereitstellung von Merkmalen oder Funktionen Dritter auf oder \u00fcber die Website. Die Parteien, die diese Drittanbieter-Cookies setzen, k\u00f6nnen Ihr Ger\u00e4t erkennen, sowohl wenn es unsere Website besucht als auch wenn es bestimmte andere Websites besucht.&nbsp;<\/p>\n\n\n\n<h4 class=\"wp-block-heading\">RECHTSGRUNDLAGE F\u00dcR COOKIES<\/h4>\n\n\n\n<p>Da die Website ohne die unbedingt erforderlichen Cookies nicht funktionieren w\u00fcrde, ist diese Kategorie von Cookies immer aktiviert, wenn Sie unsere Website besuchen. Die Rechtsgrundlage f\u00fcr die Verwendung von unbedingt notwendigen Cookies ist unser berechtigtes Interesse, Ihnen eine funktionierende Website zur Verf\u00fcgung zu stellen.&nbsp;<\/p>\n\n\n\n<p>Wenn jedoch Funktions-, Leistungs- und Werbe-Cookies verwendet werden, sind wir auf Ihre Zustimmung angewiesen. Wenn Sie die Website zum ersten Mal betreten, sehen Sie ein Banner mit Informationen \u00fcber unsere Verwendung von Cookies und werden aufgefordert, der Verwendung von Cookies zuzustimmen. Sie m\u00fcssen der Verwendung von Funktions-, Leistungs- und Werbe-Cookies nicht zustimmen, um auf die Website zugreifen zu k\u00f6nnen. Einige Dienste und Funktionen erfordern jedoch die Verwendung von Cookies und k\u00f6nnen ohne Ihre Zustimmung eingeschr\u00e4nkt sein oder nicht genutzt werden.<\/p>\n\n\n\n<h4 class=\"wp-block-heading\">DAUER DER SPEICHERUNG VON COOKIES AUF IHREM GER\u00c4T<\/h4>\n\n\n\n<p>Die Dauer der Speicherung von Cookies auf Ihrem Ger\u00e4t kann variieren, je nachdem, zu welcher Kategorie sie geh\u00f6ren: tempor\u00e4r oder permanent.<\/p>\n\n\n\n<h5 class=\"wp-block-heading\">TEMPOR\u00c4RE COOKIES<\/h5>\n\n\n\n<p>Wir verwenden auf allen unseren sicheren Seiten tempor\u00e4re Cookies, um eine Sitzungs-ID zuzuweisen und zu registrieren. Sie k\u00f6nnen unsere gesamte Website ohne Unterbrechung durchsuchen. Diese Kennung wird auch f\u00fcr interne Berichtszwecke verwendet. Sie erm\u00f6glicht es uns nicht, Sie namentlich zu identifizieren, und diese Art von Cookie hinterl\u00e4sst keine wiederherstellbaren Informationen auf Ihrer Festplatte. Die meisten unserer eigenen Cookies fallen in diese Kategorie und verfallen, wenn Sie Ihren Internet-Browser schlie\u00dfen.<\/p>\n\n\n\n<h5 class=\"wp-block-heading\">PERMANENTE COOKIES<\/h5>\n\n\n\n<p>Unsere eigenen Cookies und Cookies von Dritten sind permanente Cookies. Sie erm\u00f6glichen es uns, das Surfverhalten der Besucher \u00fcber einen l\u00e4ngeren Zeitraum zu verstehen oder Ihnen zus\u00e4tzliche Funktionen im Zusammenhang mit Ihren W\u00fcnschen zur Anpassung der Website und den von Ihnen gespeicherten Inhalten zu bieten. Je nach ihrer Funktion k\u00f6nnen sie Stunden, eine Woche oder Jahre auf Ihrem Computer verbleiben. Das bedeutet, dass diese Cookies auch nach dem Schlie\u00dfen Ihres Browsers bestehen bleiben und von unserer Website verwendet werden k\u00f6nnen, um Ihren Computer zu erkennen, wenn Sie Ihren Browser sp\u00e4ter erneut \u00f6ffnen.<\/p>\n\n\n\n<h4 class=\"wp-block-heading\">DAS PANEL F\u00dcR DIE COOKIE-EINSTELLUNGEN<\/h4>\n\n\n\n<p>Sie k\u00f6nnen das Panel f\u00fcr die Cookie-Einstellungen jederzeit nutzen, um Ihre Zustimmung f\u00fcr jede Cookie-Kategorie zu \u00e4ndern oder zu widerrufen - mit Ausnahme der unbedingt notwendigen Cookies -, indem Sie auf die Schaltfl\u00e4che \u201cCookie-Einstellungen\u201d auf dem Banner der Website oder auf den Link \u201cCookie-Einstellungen\u201d in der Fu\u00dfzeile der Website klicken. Sie k\u00f6nnen auf dem Panel \u201cAlle Cookies akzeptieren\u201d w\u00e4hlen, was das Herunterladen aller verf\u00fcgbaren Cookies f\u00fcr die Verwendung erm\u00f6glicht.<\/p>\n\n\n\n<p>Das Panel identifiziert Kategorien von Cookies und bietet Informationen \u00fcber die einzelnen Cookies, die auf der von Ihnen besuchten Website verf\u00fcgbar sind. So k\u00f6nnen Sie besser verstehen, wie unsere Website Cookies verwendet. Das Panel erm\u00f6glicht es Ihnen, Ihre Cookie-Pr\u00e4ferenzen zu kontrollieren und zu \u00e4ndern, und die Informationen im Panel werden auf offene und transparente Weise bereitgestellt, so dass Sie einen vollst\u00e4ndigen Einblick in die Verwendung von Cookies erhalten, um Ihr Besuchererlebnis zu bereichern und eine fundierte Entscheidung \u00fcber deren Verwendung zu treffen.<br>Sie k\u00f6nnen die Umschaltleiste neben jeder Cookie-Kategorie verwenden, um festzulegen, ob Sie die Platzierung von Cookies auf Ihrem Ger\u00e4t akzeptieren oder ablehnen. Beachten Sie jedoch, dass die Einschr\u00e4nkung von Cookies die Funktionalit\u00e4t einer Website beeintr\u00e4chtigen kann. Viele der interaktiven Funktionen, die von Websites angeboten werden, sind von Cookies abh\u00e4ngig, und die Deaktivierung oder Blockierung von Cookies kann dazu f\u00fchren, dass diese Dienste nicht funktionieren und ihren Nutzen verringern. Sobald Sie Ihre Auswahl getroffen haben, klicken Sie auf die Schaltfl\u00e4che \u201cBest\u00e4tigen Sie Ihre Einstellungen\u201d, um Ihre Cookie-Nutzungsentscheidungen zu best\u00e4tigen.<\/p>\n\n\n\n<h4 class=\"wp-block-heading\">COOKIES VOM BROWSER AUS STEUERN<\/h4>\n\n\n\n<p>Neben dem Cookie-Einstellungsfeld k\u00f6nnen Sie auch die Einstellungen Ihres Browsers und\/oder Ihres Mobilger\u00e4ts \u00e4ndern, damit keine Cookies von dieser Website auf Ihrem Computer oder Mobilger\u00e4t abgelegt werden k\u00f6nnen. In der Regel k\u00f6nnen Sie die Einstellungen des Browsers so \u00e4ndern, dass neue Cookies abgelehnt werden, vorhandene Cookies deaktiviert werden oder Sie einfach informiert werden, wenn neue Cookies an Ihr Ger\u00e4t gesendet werden. Wie Sie Ihren Browser so einstellen, dass er Cookies ablehnt, entnehmen Sie bitte der Anleitung des Browseranbieters (in der Regel im Men\u00fc \u201cHilfe\u201d, \u201cExtras\u201d oder \u201cBearbeiten\u201d) oder den Einstellungen Ihres Mobilger\u00e4ts. Eine ausf\u00fchrlichere Anleitung finden Sie unter&nbsp;<a target=\"_blank\" rel=\"noreferrer noopener\" href=\"http:\/\/www.allaboutcookies.org\/\">www.allaboutcookies.org<\/a><br>Bitte beachten Sie, dass einige Funktionen der Website verloren gehen k\u00f6nnen, wenn Sie Cookies ablehnen oder deaktivieren.<\/p>\n\n\n\n<h4 class=\"wp-block-heading\">FOLGEN DER DEAKTIVIERUNG ALLER COOKIES<\/h4>\n\n\n\n<p>Wenn Sie sich entscheiden, Cookies zu deaktivieren, k\u00f6nnen Sie bestimmte Teile unserer Website weiterhin nutzen. Einige n\u00fctzliche Funktionen funktionieren jedoch m\u00f6glicherweise nicht mehr, je nachdem, welche Cookies Sie deaktivieren.<\/p>\n\n\n\n<h4 class=\"wp-block-heading\">\u00c4NDERUNGEN DES COOKIE-HINWEISES<\/h4>\n\n\n\n<p>Dieser Hinweis kann gelegentlich \u00fcberarbeitet werden. Alle \u00c4nderungen werden auf dieser Website ver\u00f6ffentlicht. Bitte lesen Sie diesen Cookie-Hinweis regelm\u00e4\u00dfig, um sich \u00fcber unsere Verwendung von Cookies zu informieren. Wenn Sie Fragen haben, kontaktieren Sie uns bitte wie unten beschrieben.<\/p>\n\n\n\n<h4 class=\"wp-block-heading\">KONTAKTIERE UNS<\/h4>\n\n\n\n<p>Wenn Sie Fragen zur Verwendung von Cookies auf unserer Website haben, z\u00f6gern Sie nicht, uns per E-Mail zu kontaktieren unter&nbsp;<a href=\"mailto:privacy@dometic.com\">privacy@dometic.com<\/a>. Weitere allgemeine Informationen \u00fcber die Arten von Informationen, die wir \u00fcber Sie sammeln, und dar\u00fcber, wie Sie Ihre Datenschutzrechte aus\u00fcben k\u00f6nnen, finden Sie in unserem Datenschutzhinweis.<\/p>\n<\/div>\n\n\n\n<div class=\"wp-block-group do-not-translate is-layout-constrained wp-block-group-is-layout-constrained\">\n<h2 class=\"wp-block-heading\">Cookie-Richtlinie (DEU)<\/h2>\n\n\n\n<p>Bei Dometic nehmen wir Ihre Bedenken hinsichtlich des Datenschutzes ernst. Diese Cookie-Richtlinie (die \u201eRichtlinie\u201c) erl\u00e4utert, wie die Dometic Group AB (Publ.) und ihre verbundenen Unternehmen Cookies und \u00e4hnliche Technologien verwenden, um Sie beim Besuch unserer Websites, die auf diese Richtlinie verlinken (die \u201eWebsite\u201c), wiederzuerkennen. Sie erkl\u00e4rt, was diese Technologien sind, warum wir sie verwenden und welche Rechte Sie haben.<\/p>\n\n\n\n<h3 class=\"wp-block-heading\">Was ist ein Cookie?<\/h3>\n\n\n\n<p>Cookies sind kleine Textdateien, die Informationen enthalten und von der besuchten Webseite auf Ihrem Computer oder Mobilger\u00e4t gespeichert werden, um bestimmte Informationen \u00fcber Ihre Nutzung der Webseite zu erfassen. Weitere Informationen zu Cookies finden Sie unter&nbsp;<a href=\"http:\/\/www.allaboutcookies.org\/\" target=\"_blank\" rel=\"noreferrer noopener\">www.allaboutcookies.org<\/a>.<\/p>\n\n\n\n<p>Der Begriff \u201eCookie\u201c wird in dieser Datenschutzerkl\u00e4rung im weitesten Sinne verwendet und umfasst alle \u00e4hnlichen Techniken und Technologien, einschlie\u00dflich Tracking-Pixel, Web-Beacons und Protokolldateien.<\/p>\n\n\n\n<h3 class=\"wp-block-heading\">Beschreibung und Umfang der Datenverarbeitung<\/h3>\n\n\n\n<p>Cookies helfen uns, Ihre Nutzung unserer Website besser zu verstehen und Ihnen dadurch unter anderem ein personalisiertes und einheitlicheres Nutzererlebnis zu bieten. Hier einige Beispiele f\u00fcr die Informationen, die wir mithilfe von Cookies erfassen:<\/p>\n\n\n\n<ul class=\"wp-block-list\">\n<li>Anzahl der Website-Besucher, aufgerufene Seiten, Klicks und Verweildauer auf der Website.<\/li>\n\n\n\n<li>Ob Sie die Website zum ersten Mal besuchen.<\/li>\n\n\n\n<li>Ihre Anzeigeeinstellungen (z. B. Markt, Sprache usw.).<\/li>\n<\/ul>\n\n\n\n<p>Bitte beachten Sie, dass wir Ihren Namen oder Ihre E-Mail-Adresse nicht \u00fcber Cookies erfassen.<\/p>\n\n\n\n<p>Dar\u00fcber hinaus erm\u00f6glichen uns Cookies Folgendes:<\/p>\n\n\n\n<ul class=\"wp-block-list\">\n<li>Personalisierung Ihres Besuchs.<\/li>\n\n\n\n<li>Personalisierung der auf der Website angezeigten Werbe- und Marketingbotschaften.<\/li>\n\n\n\n<li>Analyse von Kundentrends in aggregierter Form.<\/li>\n<\/ul>\n\n\n\n<h3 class=\"wp-block-heading\">Welche Cookies verwenden wir<\/h3>\n\n\n\n<p>Wir verwenden Cookies von Erstanbietern und Drittanbietern aus verschiedenen Gr\u00fcnden:<\/p>\n\n\n\n<h4 class=\"wp-block-heading\">Erstanbieter-Kekse<\/h4>\n\n\n\n<p>Diese Cookies werden von Dometic erstellt. Sie dienen haupts\u00e4chlich dazu, Ihnen das Surfen auf unserer Website und die Nutzung ihrer Funktionen zu erm\u00f6glichen. Sie k\u00f6nnen auch bei Analyseaktivit\u00e4ten helfen.<\/p>\n\n\n\n<h4 class=\"wp-block-heading\">Drittanbieter-Kekse<\/h4>\n\n\n\n<p>Zus\u00e4tzlich zu unseren eigenen Cookies k\u00f6nnen einige Drittanbieter und verbundene Unternehmen Cookies auf Ihrem Computer platzieren, darauf zugreifen und Webbeacons damit verkn\u00fcpfen.<\/p>\n\n\n\n<h3 class=\"wp-block-heading\">Zwecke und Rechtsgrundlagen<\/h3>\n\n\n\n<p>Notwendige Cookies sind bei jedem Besuch unserer Website aktiviert. Rechtsgrundlage ist unser berechtigtes Interesse, Ihnen eine funktionierende Website bereitzustellen.<\/p>\n\n\n\n<p>F\u00fcr funktionale, Performance- und Werbe-Cookies ben\u00f6tigen wir Ihre Einwilligung. Beim ersten Besuch unserer Website sehen Sie ein Banner mit Informationen zur Verwendung von Cookies und werden um Ihre Einwilligung gebeten.<\/p>\n\n\n\n<h3 class=\"wp-block-heading\">Speicherdauer von Cookies auf Ihrem Ger\u00e4t<\/h3>\n\n\n\n<h4 class=\"wp-block-heading\">Tempor\u00e4re Cookies<\/h4>\n\n\n\n<p>Diese verfallen, sobald Sie Ihren Browser schlie\u00dfen.<\/p>\n\n\n\n<h4 class=\"wp-block-heading\">Permanente Cookies<\/h4>\n\n\n\n<p>Diese bleiben auch nach dem Schlie\u00dfen Ihres Browsers erhalten und k\u00f6nnen \u00fcber l\u00e4ngere Zeitr\u00e4ume genutzt werden.<\/p>\n\n\n\n<h3 class=\"wp-block-heading\">Cookie-Einstellungen<\/h3>\n\n\n\n<p>Sie k\u00f6nnen jederzeit das Cookie-Einstellungsfeld nutzen, um Ihre Einwilligung f\u00fcr jede Cookie-Kategorie - mit Ausnahme unbedingt notwendiger Cookies - zu \u00e4ndern oder zu widerrufen.<\/p>\n\n\n\n<h3 class=\"wp-block-heading\">Cookies im Browser verwalten<\/h3>\n\n\n\n<p>Sie k\u00f6nnen auch die Einstellungen Ihres Browsers oder Mobilger\u00e4ts \u00e4ndern, sodass keine Cookies gespeichert werden. Weitere Informationen finden Sie unter&nbsp;<a href=\"http:\/\/www.allaboutcookies.org\/\" target=\"_blank\" rel=\"noreferrer noopener\">www.allaboutcookies.org<\/a>.<\/p>\n\n\n\n<h3 class=\"wp-block-heading\">Folgen der Deaktivierung aller Cookies<\/h3>\n\n\n\n<p>Wenn Sie Cookies deaktivieren, k\u00f6nnen Sie bestimmte Bereiche unserer Website weiterhin nutzen. Einige Funktionen sind jedoch m\u00f6glicherweise nicht mehr verf\u00fcgbar.<\/p>\n\n\n\n<h3 class=\"wp-block-heading\">\u00c4nderungen der Cookie-Richtlinie<\/h3>\n\n\n\n<p>Diese Richtlinie kann gelegentlich aktualisiert werden. \u00c4nderungen werden auf dieser Website ver\u00f6ffentlicht.<\/p>\n\n\n\n<h3 class=\"wp-block-heading\">Kontakt<\/h3>\n\n\n\n<p>Bei Fragen zur Verwendung von Cookies auf unserer Website kontaktieren Sie uns bitte per E-Mail unter&nbsp;<a href=\"mailto:privacy@dometic.com\">privacy@dometic.com<\/a>.<\/p>\n<\/div>","protected":false},"excerpt":{"rendered":"<p>Cookie-Richtlinie\nBei Dometic nehmen wir Ihre Datenschutzbedenken ernst. Diese Cookie-Richtlinie (\u201cHinweis\u201d) erkl\u00e4rt, wie Dometic Group AB (Publ.) und ihre verbundenen Unternehmen Cookies und andere \u00e4hnliche Technologien verwenden, um Sie bei Ihrem Besuch auf unseren Websites, die auf diesen Hinweis verlinken (\u201cdie Website\u201d), zu erkennen. Sie erkl\u00e4rt, was diese Technologien sind und warum wir sie verwenden.<a href=\"https:\/\/kampaoutdoors.com\/de\/cookie-policy\/\">Weiterlesen <span class=\"sr-only\">\u201cCookie-Richtlinie\u201d<\/span><\/a><\/p>","protected":false},"author":1,"featured_media":0,"parent":0,"menu_order":0,"comment_status":"closed","ping_status":"closed","template":"","meta":{"_acf_changed":false,"_seopress_robots_primary_cat":"","_seopress_titles_title":"","_seopress_titles_desc":"","_seopress_robots_index":"","footnotes":""},"class_list":["post-1746","page","type-page","status-publish","hentry"],"acf":[],"_links":{"self":[{"href":"https:\/\/kampaoutdoors.com\/de\/wp-json\/wp\/v2\/pages\/1746","targetHints":{"allow":["GET"]}}],"collection":[{"href":"https:\/\/kampaoutdoors.com\/de\/wp-json\/wp\/v2\/pages"}],"about":[{"href":"https:\/\/kampaoutdoors.com\/de\/wp-json\/wp\/v2\/types\/page"}],"author":[{"embeddable":true,"href":"https:\/\/kampaoutdoors.com\/de\/wp-json\/wp\/v2\/users\/1"}],"replies":[{"embeddable":true,"href":"https:\/\/kampaoutdoors.com\/de\/wp-json\/wp\/v2\/comments?post=1746"}],"version-history":[{"count":0,"href":"https:\/\/kampaoutdoors.com\/de\/wp-json\/wp\/v2\/pages\/1746\/revisions"}],"wp:attachment":[{"href":"https:\/\/kampaoutdoors.com\/de\/wp-json\/wp\/v2\/media?parent=1746"}],"curies":[{"name":"WordPress","href":"https:\/\/api.w.org\/{rel}","templated":true}]}}