{"id":3,"date":"2026-01-05T15:15:00","date_gmt":"2026-01-05T15:15:00","guid":{"rendered":"http:\/\/localhost:10010\/?page_id=3"},"modified":"2026-02-12T16:10:10","modified_gmt":"2026-02-12T16:10:10","slug":"datenschutzrichtlinie","status":"publish","type":"page","link":"https:\/\/kampaoutdoors.com\/de\/privacy-policy\/","title":{"rendered":"Datenschutzrichtlinie"},"content":{"rendered":"<div class=\"wp-block-group do-not-translate is-layout-constrained wp-block-group-is-layout-constrained\">\n<h2 class=\"wp-block-heading\">Datenschutzerkl\u00e4rung<\/h2>\n\n\n\n<p>Die Dometic Group AB (publ) (\u201eDometic\u201c oder \u201ewir\u201c) respektiert Ihre Privatsph\u00e4re und sch\u00fctzt Ihre pers\u00f6nlichen Daten. Die Verarbeitung Ihrer personenbezogenen Daten erfolgt in \u00dcbereinstimmung mit der DSGVO. Im Folgenden wird beschrieben, wie wir Ihre personenbezogenen Daten erfassen, verarbeiten und weitergeben, wenn Sie unsere Websites (\u201eWebsites\u201c) nutzen und besuchen.<\/p>\n\n\n\n<h3 class=\"wp-block-heading\">Allgemeines zur Datenverarbeitung<\/h3>\n\n\n\n<p>Sie k\u00f6nnen unsere Websites besuchen, ohne personenbezogene Daten anzugeben. Alle Daten (z. B. Name, Geschlecht, Adresse, Telefonnummer oder E-Mail-Adresse), die Sie direkt oder indirekt identifizieren (\u201epersonenbezogene Daten\u201c) und die Sie uns \u00fcber unsere Websites (oder auf anderen Wegen an Dometic) mitteilen, werden jedoch gem\u00e4\u00df dieser Datenschutzerkl\u00e4rung verarbeitet.<\/p>\n\n\n\n<p>Wenn Sie unsere Websites, Online-Shops oder vernetzte Ger\u00e4te von Dometic nutzen, erfassen wir m\u00f6glicherweise zus\u00e4tzliche Informationen von Ihnen. Zu den Daten, die wir direkt von Ihnen erfassen k\u00f6nnen, geh\u00f6ren unter Anderem:<\/p>\n\n\n\n<ul class=\"wp-block-list\">\n<li>Name, Adresse, Telefonnummer und Emailadresse (sowie Firmenname, Firmenadresse, Firmenkontaktinformationen, und weitere Firmendaten)<\/li>\n\n\n\n<li>Anmeldedaten, wenn Sie ein Dometic-Konto erstellen<\/li>\n\n\n\n<li>Rechnungsinformationen wie Lieferadresse, Kredit- oder Debitkartennummer, Pr\u00fcfnummer und Ablaufdatum<\/li>\n\n\n\n<li>Informationen \u00fcber K\u00e4ufe oder andere Transaktionen mit Dometic<\/li>\n\n\n\n<li>Informationen \u00fcber Ihre Interaktionen mit dem Kundenservice und der Wartung von Dometic<\/li>\n\n\n\n<li>Informationen, die Sie im Zusammenhang mit Ihren Ger\u00e4ten angeben<\/li>\n\n\n\n<li>Alle anderen Informationen, die Sie Dometic im Zusammenhang mit Ihrer Nutzung der Websites direkt zur Verf\u00fcgung stellen<\/li>\n<\/ul>\n\n\n\n<p>Bei der Nutzung unserer Websites erfassen wir bestimmte Informationen automatisiert, teilweise mithilfe von Drittunternehmen, die in unserem Auftrag t\u00e4tig sind. Dabei setzen wir verschiedene Technologien ein, darunter Cookies und \u00e4hnliche Tools. Wir erfassen und analysieren Informationen wie Ihre IP-Adresse, Browsertyp, Browsersprache, Betriebssystem, das Land oder den Staat, aus dem Sie auf unsere Dienste zugegriffen haben, Software- und Hardwareattribute (einschlie\u00dflich Ger\u00e4te-IDs), verweisende und Zielseiten und URLs, Plattformtyp, Anzahl der Klicks, heruntergeladene Dateien, Domainnamen, Landingpages, aufgerufene Seiten und deren Reihenfolge, Verweildauer auf einzelnen Seiten, Suchbegriffe, Datum und Uhrzeit Ihrer Nutzung der jeweiligen Website sowie des Hochladens oder Ver\u00f6ffentlichens von Inhalten, Fehlerprotokolle und \u00e4hnliche Informationen.<\/p>\n\n\n\n<p>Wenn Sie Dometic auf Facebook, Instagram, YouTube oder anderen sozialen Medien mit \u201eGef\u00e4llt mir\u201c markieren oder folgen, erfassen wir m\u00f6glicherweise einige Informationen von Ihnen, darunter Ihren Namen, Ihre E-Mail-Adresse und alle Kommentare oder Inhalte, die Sie in Bezug auf Dometic ver\u00f6ffentlichen. Wir erfassen Ihre Daten auch, wenn Sie sich f\u00fcr eine unserer Aktionen anmelden oder uns \u00fcber soziale Medien Informationen \u00fcbermitteln. Wenn Sie auf dometic.com Social-Media-Links, Social Plugins oder \u00c4hnliches verwenden, kann die jeweilige Social-Media-Plattform Ihren Besuch auf den Dometic-Websites erkennen.<\/p>\n\n\n\n<p>Diese Websites verwenden auch sogenannte Cookies. Weitere Informationen zu unserer Verwendung von Cookies finden Sie in unserer Cookie-Richtlinie&nbsp;<a href=\"http:\/\/www.localhost:10010\/en-gb\/cookie-policy\" target=\"_blank\" rel=\"noreferrer noopener\">hier<\/a>.<\/p>\n\n\n\n<p>Diese Websites enthalten Links zu anderen Websites. Wir weisen ausdr\u00fccklich darauf hin, dass wir nicht f\u00fcr die Datenschutzpraktiken oder die Inhalte dieser Websites verantwortlich sind.<\/p>\n\n\n\n<h3 class=\"wp-block-heading\">Zweck der Datenverarbeitung<\/h3>\n\n\n\n<p>Die Verarbeitung Ihrer personenbezogenen Daten ist f\u00fcr folgende Zwecke erforderlich:<\/p>\n\n\n\n<ul class=\"wp-block-list\">\n<li>Entwicklung und Verbesserung der Dometic-Website<\/li>\n\n\n\n<li>Kommunikation (z. B. Newsletter, Produktanfragen)<\/li>\n\n\n\n<li>Bearbeitung von Online-Bestellungen<\/li>\n\n\n\n<li>Konto- und Produktregistrierung sowie Kontoverwaltung<\/li>\n\n\n\n<li>Teilnahme an Wettbewerben, Aktionen oder Studien<\/li>\n\n\n\n<li>Bearbeitung von Produktbewertungen<\/li>\n<\/ul>\n\n\n\n<h3 class=\"wp-block-heading\">Rechtsgrundlagen der Datenverarbeitung<\/h3>\n\n\n\n<p>Die Verarbeitung Ihrer personenbezogenen Daten zu Zweck (1) erfolgt aufgrund unseres berechtigten Interesses. Die Verarbeitung zu Zweck (2) bis (6) erfolgt, weil sie f\u00fcr die Erbringung der von Ihnen angeforderten Dienstleistungen erforderlich ist. Die Verarbeitung zu Zweck (3) erfolgt aufgrund gesetzlicher Bestimmungen.<\/p>\n\n\n\n<h3 class=\"wp-block-heading\">Informationen an Dritte<\/h3>\n\n\n\n<p>Wir haben geeignete technische und organisatorische Ma\u00dfnahmen getroffen, um Ihre personenbezogenen Daten zu sch\u00fctzen. Der Zugriff ist auf wenige Personen beschr\u00e4nkt. Dometic gibt Ihre personenbezogenen Daten an Dritte weiter, wenn dies gesetzlich erforderlich ist oder zur Bearbeitung Ihrer Anfrage. Dar\u00fcber hinaus geben wir Daten an Unternehmen der Dometic-Unternehmensgruppe sowie an Lieferanten und Partner weiter, die in unserem Auftrag Dienstleistungen erbringen. Ihre personenbezogenen Daten k\u00f6nnen auch in L\u00e4ndern au\u00dferhalb der EU\/des EWR \u00fcbermittelt werden.<\/p>\n\n\n\n<h3 class=\"wp-block-heading\">Dauer der Speicherung<\/h3>\n\n\n\n<p>Wir speichern Ihre Daten nur so lange, wie es f\u00fcr die Zwecke erforderlich ist oder gesetzlich vorgeschrieben wird.<\/p>\n\n\n\n<h3 class=\"wp-block-heading\">Widerspruchs- bzw. Widerrufs- und Beseitigungsm\u00f6glichkeit<\/h3>\n\n\n\n<p>Die Erfassung der Daten zur Bereitstellung der Webseite und die Speicherung in Logfiles ist zwingend erforderlich. Es besteht keine Widerspruchsm\u00f6glichkeit. Verantwortlich ist Dometic Group AB (publ), Hemv\u00e4rnsgatan 15, SE-171 54 Solna, Schweden. F\u00fcr Nutzer in den USA, Lateinamerika oder Kanada ist die Dometic Corporation, Elkhart, IN, USA verantwortlich. Datenschutzbeauftragter:&nbsp;<a href=\"mailto:privacy@dometic.com\">privacy@dometic.com<\/a>.<\/p>\n\n\n\n<p>Sie haben Rechte auf Auskunft, Berichtigung, L\u00f6schung, Einschr\u00e4nkung, Daten\u00fcbertragbarkeit und Widerspruch. Beschwerden k\u00f6nnen bei der zust\u00e4ndigen Datenschutzbeh\u00f6rde eingereicht werden.<\/p>\n\n\n\n<h3 class=\"wp-block-heading\">Verwendung von Cookies und \u00e4hnlichen Technologien<\/h3>\n<\/div>","protected":false},"excerpt":{"rendered":"<p>Privacy policy Dometic Group AB (publ) (&#8220;Dometic&#8221; or &#8220;we&#8220;) respects your privacy and protects the personal data we process about you. All processing of personal data is made in accordance with the GDPR. The following describes how we collect, process and share your personal data when you use and visit our websites (&#8220;Sites&#8220;). WHAT PERSONAL<a href=\"https:\/\/kampaoutdoors.com\/de\/privacy-policy\/\">Continue reading <span class=\"sr-only\">&#8220;Privacy Policy&#8221;<\/span><\/a><\/p>","protected":false},"author":1,"featured_media":0,"parent":0,"menu_order":0,"comment_status":"closed","ping_status":"open","template":"","meta":{"_acf_changed":false,"_seopress_robots_primary_cat":"","_seopress_titles_title":"","_seopress_titles_desc":"","_seopress_robots_index":"","footnotes":""},"class_list":["post-3","page","type-page","status-publish","hentry"],"acf":[],"_links":{"self":[{"href":"https:\/\/kampaoutdoors.com\/de\/wp-json\/wp\/v2\/pages\/3","targetHints":{"allow":["GET"]}}],"collection":[{"href":"https:\/\/kampaoutdoors.com\/de\/wp-json\/wp\/v2\/pages"}],"about":[{"href":"https:\/\/kampaoutdoors.com\/de\/wp-json\/wp\/v2\/types\/page"}],"author":[{"embeddable":true,"href":"https:\/\/kampaoutdoors.com\/de\/wp-json\/wp\/v2\/users\/1"}],"replies":[{"embeddable":true,"href":"https:\/\/kampaoutdoors.com\/de\/wp-json\/wp\/v2\/comments?post=3"}],"version-history":[{"count":0,"href":"https:\/\/kampaoutdoors.com\/de\/wp-json\/wp\/v2\/pages\/3\/revisions"}],"wp:attachment":[{"href":"https:\/\/kampaoutdoors.com\/de\/wp-json\/wp\/v2\/media?parent=3"}],"curies":[{"name":"WordPress","href":"https:\/\/api.w.org\/{rel}","templated":true}]}}