{"id":451,"date":"2026-01-20T16:43:23","date_gmt":"2026-01-20T16:43:23","guid":{"rendered":"http:\/\/localhost:10010\/?page_id=451"},"modified":"2026-04-01T10:59:56","modified_gmt":"2026-04-01T10:59:56","slug":"die-sterngucker","status":"publish","type":"page","link":"https:\/\/kampaoutdoors.com\/de\/quiz\/the-stargazers\/","title":{"rendered":"Die Sterngucker"},"content":{"rendered":"\n<p class=\"has-text-align-center is-style-default has-primary-color has-text-color has-link-color has-medium-font-size wp-elements-00b98ed0b14b810a718ae1476daf3e0e\" style=\"margin-bottom:var(--wp--preset--spacing--small);padding-bottom:var(--wp--preset--spacing--xsmall)\">CONGRATULATIONS \u2013 you made it through.<\/p>\n\n\n\n<figure class=\"wp-block-image aligncenter size-large is-resized is-style-default\" style=\"margin-bottom:var(--wp--preset--spacing--small)\"><img alt=\"\" loading=\"lazy\" decoding=\"async\" width=\"1024\" height=\"608\" src=\"http:\/\/kampaoutdoors.com\/wp-content\/uploads\/2026\/02\/Seekers-Stargazer-e1770377184939-1024x608.png\" alt=\"\" class=\"wp-image-1393\" style=\"width:600px\" srcset=\"https:\/\/kampaoutdoors.com\/wp-content\/uploads\/2026\/02\/Seekers-Stargazer-e1770377184939-1024x608.png 1024w, https:\/\/kampaoutdoors.com\/wp-content\/uploads\/2026\/02\/Seekers-Stargazer-e1770377184939-300x178.png 300w, https:\/\/kampaoutdoors.com\/wp-content\/uploads\/2026\/02\/Seekers-Stargazer-e1770377184939-768x456.png 768w, https:\/\/kampaoutdoors.com\/wp-content\/uploads\/2026\/02\/Seekers-Stargazer-e1770377184939-18x12.png 18w, https:\/\/kampaoutdoors.com\/wp-content\/uploads\/2026\/02\/Seekers-Stargazer-e1770377184939-1000x593.png 1000w, https:\/\/kampaoutdoors.com\/wp-content\/uploads\/2026\/02\/Seekers-Stargazer-e1770377184939.png 1200w\" sizes=\"auto, (max-width: 1024px) 100vw, 1024px\" \/><\/figure>\n\n\n\n<div class=\"wp-block-group is-layout-constrained wp-container-core-group-is-layout-6b809fa7 wp-block-group-is-layout-constrained\" style=\"margin-bottom:var(--wp--preset--spacing--small);padding-top:var(--wp--preset--spacing--xsmall)\">\n<p class=\"has-text-align-center has-primary-color has-text-color has-link-color has-medium-font-size wp-elements-c9990d98c1711162be374346fe667353\">Welcome to the club. The Kampa algorithm has deducted:<\/p>\n\n\n\n<h1 class=\"wp-block-heading has-text-align-center is-style-quiz has-quiz-primary-color has-text-color has-link-color has-x-large-font-size wp-elements-bd96fbff1dc56ad1caa85fd3a56de249\">The STARGAZERS<\/h1>\n<\/div>\n\n\n\n<div class=\"wp-block-group is-layout-constrained wp-container-core-group-is-layout-b5c3f14b wp-block-group-is-layout-constrained\" style=\"margin-bottom:var(--wp--preset--spacing--medium)\">\n<p class=\"has-text-align-center has-secondary-color has-text-color has-link-color has-large-font-size wp-elements-ecada4087e63534266254a0a5f726334\">\u201cYou&#8217;re one of those that prefers the stars to ceilings. Smaller tents. Big stories. You pack light but sleep heavy. You think four walls are way too many \u2013 the silence is the point. So for you it\u2019s not about getting away from everything. Just away from enough.\u201d<\/p>\n<\/div>\n\n\n\n<h2 class=\"wp-block-heading has-text-align-center is-style-quiz has-quiz-primary-color has-text-color has-link-color has-medium-font-size wp-elements-d1efd091038c867156ba6461622e866e\">Product Recommendation<\/h2>\n\n\n\n<p class=\"has-text-align-center has-primary-color has-text-color has-link-color has-medium-font-size wp-elements-5a11ad7a30c90387ad15a85d0f03789a\">You may like these products from Kampa&#8217;s 2026 range:<\/p>\n\n\n\r\n    <div style=\"margin-bottom:var(--wp--preset--spacing--medium);\" class=\"align wp-block-acf-product-grid\" id=\"product-grid-block_151f27e9e7869150be2286732d8d9c9e\">\r\n    <div class=\"not-prose\">\r\n        \r\n                <div class=\"grid sm:grid-cols-2 md:grid-cols-3 xl:grid-cols-4 gap-x-4 xl:gap-x-12 gap-y-4 xl:gap-y-6 mb-6 mt-10 \">\r\n        <a href=\"https:\/\/kampaoutdoors.com\/de\/product\/mossborn\/\" class=\"bg-white rounded-2xl overflow-hidden relative aspect-square kampa-product-thumb post-675 product type-product status-publish has-post-thumbnail hentry activity-car-camping activity-large-pitches activity-small-pitches activity-your-pitch product-category-small-tents\">\n\t<article id=\"post-675\">\n\t\t<figure class=\"mt-[10%]\">\t\t\n\t\t\t<img loading=\"lazy\" decoding=\"async\" width=\"1200\" height=\"1200\" src=\"https:\/\/kampaoutdoors.com\/wp-content\/uploads\/2026\/01\/2026_Kampa_Tent_Mossborn-02.png\" class=\"attachment-post-thumbnail size-post-thumbnail wp-post-image\" alt=\"Mossborn\" srcset=\"https:\/\/kampaoutdoors.com\/wp-content\/uploads\/2026\/01\/2026_Kampa_Tent_Mossborn-02.png 1200w, https:\/\/kampaoutdoors.com\/wp-content\/uploads\/2026\/01\/2026_Kampa_Tent_Mossborn-02-300x300.png 300w, https:\/\/kampaoutdoors.com\/wp-content\/uploads\/2026\/01\/2026_Kampa_Tent_Mossborn-02-1024x1024.png 1024w, https:\/\/kampaoutdoors.com\/wp-content\/uploads\/2026\/01\/2026_Kampa_Tent_Mossborn-02-150x150.png 150w, https:\/\/kampaoutdoors.com\/wp-content\/uploads\/2026\/01\/2026_Kampa_Tent_Mossborn-02-768x768.png 768w, https:\/\/kampaoutdoors.com\/wp-content\/uploads\/2026\/01\/2026_Kampa_Tent_Mossborn-02-12x12.png 12w, https:\/\/kampaoutdoors.com\/wp-content\/uploads\/2026\/01\/2026_Kampa_Tent_Mossborn-02-1000x1000.png 1000w, https:\/\/kampaoutdoors.com\/wp-content\/uploads\/2026\/01\/2026_Kampa_Tent_Mossborn-02-500x500.png 500w\" sizes=\"auto, (max-width: 1200px) 100vw, 1200px\" \/>\t\t<\/figure><!-- .post-thumbnail -->\t\n\t\t<header class=\"entry-header p-6 absolute inset-0\">\n\t\t\t\t\t\t\t\t\t\t\t\t\t\t\t<p class=\"text-center font-wingman uppercase text-sm mb-1 whitespace-nowrap\">2-3 person<\/p>\n\t\t\t\t\t\t\t\t\t\t<h2 class=\"entry-title text-center font-wingman uppercase text-xl font-normal text-secondary\">Mossborn<\/h2>\t\t<\/header><!-- .entry-header -->\t\t\n\t<\/article><!-- #post-${ID} -->\n<\/a><a href=\"https:\/\/kampaoutdoors.com\/de\/product\/mossborn-k\/\" class=\"bg-white rounded-2xl overflow-hidden relative aspect-square kampa-product-thumb post-676 product type-product status-publish has-post-thumbnail hentry activity-car-camping activity-large-pitches activity-small-pitches activity-your-pitch product-category-small-tents\">\n\t<article id=\"post-676\">\n\t\t<figure class=\"mt-[10%]\">\t\t\n\t\t\t<img loading=\"lazy\" decoding=\"async\" width=\"1200\" height=\"1200\" src=\"https:\/\/kampaoutdoors.com\/wp-content\/uploads\/2026\/01\/2026_Kampa_Tent_Mossborn-K.png\" class=\"attachment-post-thumbnail size-post-thumbnail wp-post-image\" alt=\"Mossborn-K\" srcset=\"https:\/\/kampaoutdoors.com\/wp-content\/uploads\/2026\/01\/2026_Kampa_Tent_Mossborn-K.png 1200w, https:\/\/kampaoutdoors.com\/wp-content\/uploads\/2026\/01\/2026_Kampa_Tent_Mossborn-K-300x300.png 300w, https:\/\/kampaoutdoors.com\/wp-content\/uploads\/2026\/01\/2026_Kampa_Tent_Mossborn-K-1024x1024.png 1024w, https:\/\/kampaoutdoors.com\/wp-content\/uploads\/2026\/01\/2026_Kampa_Tent_Mossborn-K-150x150.png 150w, https:\/\/kampaoutdoors.com\/wp-content\/uploads\/2026\/01\/2026_Kampa_Tent_Mossborn-K-768x768.png 768w, https:\/\/kampaoutdoors.com\/wp-content\/uploads\/2026\/01\/2026_Kampa_Tent_Mossborn-K-12x12.png 12w, https:\/\/kampaoutdoors.com\/wp-content\/uploads\/2026\/01\/2026_Kampa_Tent_Mossborn-K-1000x1000.png 1000w, https:\/\/kampaoutdoors.com\/wp-content\/uploads\/2026\/01\/2026_Kampa_Tent_Mossborn-K-500x500.png 500w\" sizes=\"auto, (max-width: 1200px) 100vw, 1200px\" \/>\t\t<\/figure><!-- .post-thumbnail -->\t\n\t\t<header class=\"entry-header p-6 absolute inset-0\">\n\t\t\t\t\t\t\t\t\t\t\t\t\t\t\t<p class=\"text-center font-wingman uppercase text-sm mb-1 whitespace-nowrap\">2-3 person<\/p>\n\t\t\t\t\t\t\t\t\t\t<h2 class=\"entry-title text-center font-wingman uppercase text-xl font-normal text-secondary\">Mossborn-K<\/h2>\t\t<\/header><!-- .entry-header -->\t\t\n\t<\/article><!-- #post-${ID} -->\n<\/a><a href=\"https:\/\/kampaoutdoors.com\/de\/product\/wanderlight\/\" class=\"bg-white rounded-2xl overflow-hidden relative aspect-square kampa-product-thumb post-694 product type-product status-publish has-post-thumbnail hentry activity-car-camping activity-large-pitches activity-small-pitches activity-your-pitch product-category-small-tents\">\n\t<article id=\"post-694\">\n\t\t<figure class=\"mt-[10%]\">\t\t\n\t\t\t<img loading=\"lazy\" decoding=\"async\" width=\"1200\" height=\"1200\" src=\"https:\/\/kampaoutdoors.com\/wp-content\/uploads\/2026\/01\/2026_Kampa_Tent_Wanderlight.png\" class=\"attachment-post-thumbnail size-post-thumbnail wp-post-image\" alt=\"Wanderlight\" srcset=\"https:\/\/kampaoutdoors.com\/wp-content\/uploads\/2026\/01\/2026_Kampa_Tent_Wanderlight.png 1200w, https:\/\/kampaoutdoors.com\/wp-content\/uploads\/2026\/01\/2026_Kampa_Tent_Wanderlight-300x300.png 300w, https:\/\/kampaoutdoors.com\/wp-content\/uploads\/2026\/01\/2026_Kampa_Tent_Wanderlight-1024x1024.png 1024w, https:\/\/kampaoutdoors.com\/wp-content\/uploads\/2026\/01\/2026_Kampa_Tent_Wanderlight-150x150.png 150w, https:\/\/kampaoutdoors.com\/wp-content\/uploads\/2026\/01\/2026_Kampa_Tent_Wanderlight-768x768.png 768w, https:\/\/kampaoutdoors.com\/wp-content\/uploads\/2026\/01\/2026_Kampa_Tent_Wanderlight-12x12.png 12w, https:\/\/kampaoutdoors.com\/wp-content\/uploads\/2026\/01\/2026_Kampa_Tent_Wanderlight-1000x1000.png 1000w, https:\/\/kampaoutdoors.com\/wp-content\/uploads\/2026\/01\/2026_Kampa_Tent_Wanderlight-500x500.png 500w\" sizes=\"auto, (max-width: 1200px) 100vw, 1200px\" \/>\t\t<\/figure><!-- .post-thumbnail -->\t\n\t\t<header class=\"entry-header p-6 absolute inset-0\">\n\t\t\t\t\t\t\t\t\t\t\t\t\t\t\t<p class=\"text-center font-wingman uppercase text-sm mb-1 whitespace-nowrap\">2-3 person<\/p>\n\t\t\t\t\t\t\t\t\t\t<h2 class=\"entry-title text-center font-wingman uppercase text-xl font-normal text-secondary\">Wanderlight<\/h2>\t\t<\/header><!-- .entry-header -->\t\t\n\t<\/article><!-- #post-${ID} -->\n<\/a><a href=\"https:\/\/kampaoutdoors.com\/de\/product\/wanderlight-k\/\" class=\"bg-white rounded-2xl overflow-hidden relative aspect-square kampa-product-thumb post-695 product type-product status-publish has-post-thumbnail hentry activity-car-camping activity-large-pitches activity-small-pitches activity-your-pitch product-category-small-tents\">\n\t<article id=\"post-695\">\n\t\t<figure class=\"mt-[10%]\">\t\t\n\t\t\t<img loading=\"lazy\" decoding=\"async\" width=\"1200\" height=\"1200\" src=\"https:\/\/kampaoutdoors.com\/wp-content\/uploads\/2026\/01\/2026_Kampa_Tent_Wanderlight-K.png\" class=\"attachment-post-thumbnail size-post-thumbnail wp-post-image\" alt=\"Wanderlight-K\" srcset=\"https:\/\/kampaoutdoors.com\/wp-content\/uploads\/2026\/01\/2026_Kampa_Tent_Wanderlight-K.png 1200w, https:\/\/kampaoutdoors.com\/wp-content\/uploads\/2026\/01\/2026_Kampa_Tent_Wanderlight-K-300x300.png 300w, https:\/\/kampaoutdoors.com\/wp-content\/uploads\/2026\/01\/2026_Kampa_Tent_Wanderlight-K-1024x1024.png 1024w, https:\/\/kampaoutdoors.com\/wp-content\/uploads\/2026\/01\/2026_Kampa_Tent_Wanderlight-K-150x150.png 150w, https:\/\/kampaoutdoors.com\/wp-content\/uploads\/2026\/01\/2026_Kampa_Tent_Wanderlight-K-768x768.png 768w, https:\/\/kampaoutdoors.com\/wp-content\/uploads\/2026\/01\/2026_Kampa_Tent_Wanderlight-K-12x12.png 12w, https:\/\/kampaoutdoors.com\/wp-content\/uploads\/2026\/01\/2026_Kampa_Tent_Wanderlight-K-1000x1000.png 1000w, https:\/\/kampaoutdoors.com\/wp-content\/uploads\/2026\/01\/2026_Kampa_Tent_Wanderlight-K-500x500.png 500w\" sizes=\"auto, (max-width: 1200px) 100vw, 1200px\" \/>\t\t<\/figure><!-- .post-thumbnail -->\t\n\t\t<header class=\"entry-header p-6 absolute inset-0\">\n\t\t\t\t\t\t\t\t\t\t\t\t\t\t\t<p class=\"text-center font-wingman uppercase text-sm mb-1 whitespace-nowrap\">2-3 person<\/p>\n\t\t\t\t\t\t\t\t\t\t<h2 class=\"entry-title text-center font-wingman uppercase text-xl font-normal text-secondary\">Wanderlight-K<\/h2>\t\t<\/header><!-- .entry-header -->\t\t\n\t<\/article><!-- #post-${ID} -->\n<\/a><a href=\"https:\/\/kampaoutdoors.com\/de\/product\/stargazer\/\" class=\"bg-white rounded-2xl overflow-hidden relative aspect-square kampa-product-thumb post-687 product type-product status-publish has-post-thumbnail hentry activity-car-camping activity-large-pitches activity-small-pitches activity-vanlife product-category-small-tents\">\n\t<article id=\"post-687\">\n\t\t<figure class=\"mt-[10%]\">\t\t\n\t\t\t<img loading=\"lazy\" decoding=\"async\" width=\"1200\" height=\"1200\" src=\"https:\/\/kampaoutdoors.com\/wp-content\/uploads\/2026\/01\/Kampa_Stargazer_9120002488_p404.png\" class=\"attachment-post-thumbnail size-post-thumbnail wp-post-image\" alt=\"\" srcset=\"https:\/\/kampaoutdoors.com\/wp-content\/uploads\/2026\/01\/Kampa_Stargazer_9120002488_p404.png 1200w, https:\/\/kampaoutdoors.com\/wp-content\/uploads\/2026\/01\/Kampa_Stargazer_9120002488_p404-300x300.png 300w, https:\/\/kampaoutdoors.com\/wp-content\/uploads\/2026\/01\/Kampa_Stargazer_9120002488_p404-1024x1024.png 1024w, https:\/\/kampaoutdoors.com\/wp-content\/uploads\/2026\/01\/Kampa_Stargazer_9120002488_p404-150x150.png 150w, https:\/\/kampaoutdoors.com\/wp-content\/uploads\/2026\/01\/Kampa_Stargazer_9120002488_p404-768x768.png 768w, https:\/\/kampaoutdoors.com\/wp-content\/uploads\/2026\/01\/Kampa_Stargazer_9120002488_p404-12x12.png 12w, https:\/\/kampaoutdoors.com\/wp-content\/uploads\/2026\/01\/Kampa_Stargazer_9120002488_p404-1000x1000.png 1000w, https:\/\/kampaoutdoors.com\/wp-content\/uploads\/2026\/01\/Kampa_Stargazer_9120002488_p404-500x500.png 500w\" sizes=\"auto, (max-width: 1200px) 100vw, 1200px\" \/>\t\t<\/figure><!-- .post-thumbnail -->\t\n\t\t<header class=\"entry-header p-6 absolute inset-0\">\n\t\t\t\t\t\t\t\t\t\t\t\t\t\t\t<p class=\"text-center font-wingman uppercase text-sm mb-1 whitespace-nowrap\">2-3 person<\/p>\n\t\t\t\t\t\t\t\t\t\t<h2 class=\"entry-title text-center font-wingman uppercase text-xl font-normal text-secondary\">Stargazer<\/h2>\t\t<\/header><!-- .entry-header -->\t\t\n\t<\/article><!-- #post-${ID} -->\n<\/a><a href=\"https:\/\/kampaoutdoors.com\/de\/product\/moongazer\/\" class=\"bg-white rounded-2xl overflow-hidden relative aspect-square kampa-product-thumb post-674 product type-product status-publish has-post-thumbnail hentry activity-car-camping activity-large-pitches activity-small-pitches activity-vanlife product-category-small-tents\">\n\t<article id=\"post-674\">\n\t\t<figure class=\"mt-[10%]\">\t\t\n\t\t\t<img loading=\"lazy\" decoding=\"async\" width=\"1200\" height=\"1200\" src=\"https:\/\/kampaoutdoors.com\/wp-content\/uploads\/2026\/01\/2026_Kampa_Tent_Moongazer-XL.png\" class=\"attachment-post-thumbnail size-post-thumbnail wp-post-image\" alt=\"Moongazer XL\" srcset=\"https:\/\/kampaoutdoors.com\/wp-content\/uploads\/2026\/01\/2026_Kampa_Tent_Moongazer-XL.png 1200w, https:\/\/kampaoutdoors.com\/wp-content\/uploads\/2026\/01\/2026_Kampa_Tent_Moongazer-XL-300x300.png 300w, https:\/\/kampaoutdoors.com\/wp-content\/uploads\/2026\/01\/2026_Kampa_Tent_Moongazer-XL-1024x1024.png 1024w, https:\/\/kampaoutdoors.com\/wp-content\/uploads\/2026\/01\/2026_Kampa_Tent_Moongazer-XL-150x150.png 150w, https:\/\/kampaoutdoors.com\/wp-content\/uploads\/2026\/01\/2026_Kampa_Tent_Moongazer-XL-768x768.png 768w, https:\/\/kampaoutdoors.com\/wp-content\/uploads\/2026\/01\/2026_Kampa_Tent_Moongazer-XL-12x12.png 12w, https:\/\/kampaoutdoors.com\/wp-content\/uploads\/2026\/01\/2026_Kampa_Tent_Moongazer-XL-1000x1000.png 1000w, https:\/\/kampaoutdoors.com\/wp-content\/uploads\/2026\/01\/2026_Kampa_Tent_Moongazer-XL-500x500.png 500w\" sizes=\"auto, (max-width: 1200px) 100vw, 1200px\" \/>\t\t<\/figure><!-- .post-thumbnail -->\t\n\t\t<header class=\"entry-header p-6 absolute inset-0\">\n\t\t\t\t\t\t\t\t\t\t\t\t\t\t\t<p class=\"text-center font-wingman uppercase text-sm mb-1 whitespace-nowrap\">2-3 person<\/p>\n\t\t\t\t\t\t\t\t\t\t<h2 class=\"entry-title text-center font-wingman uppercase text-xl font-normal text-secondary\">Moongazer<\/h2>\t\t<\/header><!-- .entry-header -->\t\t\n\t<\/article><!-- #post-${ID} -->\n<\/a><a href=\"https:\/\/kampaoutdoors.com\/de\/product\/kite\/\" class=\"bg-white rounded-2xl overflow-hidden relative aspect-square kampa-product-thumb post-671 product type-product status-publish has-post-thumbnail hentry activity-car-camping activity-small-pitches activity-vanlife activity-your-pitch product-category-shelters\">\n\t<article id=\"post-671\">\n\t\t<figure class=\"mt-[10%]\">\t\t\n\t\t\t<img loading=\"lazy\" decoding=\"async\" width=\"1200\" height=\"1200\" src=\"https:\/\/kampaoutdoors.com\/wp-content\/uploads\/2026\/01\/2026_Kampa_Shelter_Kite.png\" class=\"attachment-post-thumbnail size-post-thumbnail wp-post-image\" alt=\"Kite\" srcset=\"https:\/\/kampaoutdoors.com\/wp-content\/uploads\/2026\/01\/2026_Kampa_Shelter_Kite.png 1200w, https:\/\/kampaoutdoors.com\/wp-content\/uploads\/2026\/01\/2026_Kampa_Shelter_Kite-300x300.png 300w, https:\/\/kampaoutdoors.com\/wp-content\/uploads\/2026\/01\/2026_Kampa_Shelter_Kite-1024x1024.png 1024w, https:\/\/kampaoutdoors.com\/wp-content\/uploads\/2026\/01\/2026_Kampa_Shelter_Kite-150x150.png 150w, https:\/\/kampaoutdoors.com\/wp-content\/uploads\/2026\/01\/2026_Kampa_Shelter_Kite-768x768.png 768w, https:\/\/kampaoutdoors.com\/wp-content\/uploads\/2026\/01\/2026_Kampa_Shelter_Kite-12x12.png 12w, https:\/\/kampaoutdoors.com\/wp-content\/uploads\/2026\/01\/2026_Kampa_Shelter_Kite-1000x1000.png 1000w, https:\/\/kampaoutdoors.com\/wp-content\/uploads\/2026\/01\/2026_Kampa_Shelter_Kite-500x500.png 500w\" sizes=\"auto, (max-width: 1200px) 100vw, 1200px\" \/>\t\t<\/figure><!-- .post-thumbnail -->\t\n\t\t<header class=\"entry-header p-6 absolute inset-0\">\n\t\t\t\t\t\t\t\t\t\t\t\t\t\t\t<p class=\"text-center font-wingman uppercase text-sm mb-1 whitespace-nowrap\">Modular Shelter<\/p>\n\t\t\t\t\t\t\t\t\t\t<h2 class=\"entry-title text-center font-wingman uppercase text-xl font-normal text-secondary\">Kite<\/h2>\t\t<\/header><!-- .entry-header -->\t\t\n\t<\/article><!-- #post-${ID} -->\n<\/a><a href=\"https:\/\/kampaoutdoors.com\/de\/product\/mod-250\/\" class=\"bg-white rounded-2xl overflow-hidden relative aspect-square kampa-product-thumb post-345 product type-product status-publish has-post-thumbnail hentry activity-car-camping activity-family-friends activity-small-pitches activity-vanlife activity-your-pitch product-category-shelters\">\n\t<article id=\"post-345\">\n\t\t<figure class=\"mt-[10%]\">\t\t\n\t\t\t<img loading=\"lazy\" decoding=\"async\" width=\"1200\" height=\"1200\" src=\"https:\/\/kampaoutdoors.com\/wp-content\/uploads\/2026\/01\/2026_Kampa_Shelter_MOD-250-Dune.png\" class=\"attachment-post-thumbnail size-post-thumbnail wp-post-image\" alt=\"MOD 250\" srcset=\"https:\/\/kampaoutdoors.com\/wp-content\/uploads\/2026\/01\/2026_Kampa_Shelter_MOD-250-Dune.png 1200w, https:\/\/kampaoutdoors.com\/wp-content\/uploads\/2026\/01\/2026_Kampa_Shelter_MOD-250-Dune-300x300.png 300w, https:\/\/kampaoutdoors.com\/wp-content\/uploads\/2026\/01\/2026_Kampa_Shelter_MOD-250-Dune-1024x1024.png 1024w, https:\/\/kampaoutdoors.com\/wp-content\/uploads\/2026\/01\/2026_Kampa_Shelter_MOD-250-Dune-150x150.png 150w, https:\/\/kampaoutdoors.com\/wp-content\/uploads\/2026\/01\/2026_Kampa_Shelter_MOD-250-Dune-768x768.png 768w, https:\/\/kampaoutdoors.com\/wp-content\/uploads\/2026\/01\/2026_Kampa_Shelter_MOD-250-Dune-12x12.png 12w, https:\/\/kampaoutdoors.com\/wp-content\/uploads\/2026\/01\/2026_Kampa_Shelter_MOD-250-Dune-1000x1000.png 1000w, https:\/\/kampaoutdoors.com\/wp-content\/uploads\/2026\/01\/2026_Kampa_Shelter_MOD-250-Dune-500x500.png 500w\" sizes=\"auto, (max-width: 1200px) 100vw, 1200px\" \/>\t\t<\/figure><!-- .post-thumbnail -->\t\n\t\t<header class=\"entry-header p-6 absolute inset-0\">\n\t\t\t\t\t\t\t\t\t\t\t\t\t\t\t<p class=\"text-center font-wingman uppercase text-sm mb-1 whitespace-nowrap\">2-12 Person<\/p>\n\t\t\t\t\t\t\t\t\t\t<h2 class=\"entry-title text-center font-wingman uppercase text-xl font-normal text-secondary\">MOD 250<\/h2>\t\t<\/header><!-- .entry-header -->\t\t\n\t<\/article><!-- #post-${ID} -->\n<\/a>        <\/div>\r\n                    <\/div>\r\n    <\/div>\r\n\n\n\n<p class=\"has-text-align-center has-primary-color has-text-color has-link-color has-medium-font-size wp-elements-aa7299522e3ab85d6d1c4f3413982972\">If you disagree with our findings or wish to look at something bigger, shinier or has more doors, go straight to our <a href=\"http:\/\/kampaoutdoors.com\/product-category\/tents\/\" data-type=\"link\" data-id=\"http:\/\/kampaoutdoors.com\/product-category\/tents\/\">all new for 2026<\/a> product selection.<\/p>\n\n\n\n<div class=\"wp-block-buttons not-prose is-content-justification-center is-layout-flex wp-container-core-buttons-is-layout-a70e2f0e wp-block-buttons-is-layout-flex\" style=\"margin-bottom:var(--wp--preset--spacing--medium)\">\n<div class=\"wp-block-button\"><a class=\"wp-block-button__link has-quiz-primary-background-color has-background wp-element-button\" href=\"http:\/\/kampaoutdoors.com\/product-category\/tents\/\" style=\"padding-right:var(--wp--preset--spacing--medium);padding-left:var(--wp--preset--spacing--medium)\">New products for 2026<\/a><\/div>\n<\/div>\n\n\n\n<p class=\"has-text-align-center\"><a href=\"http:\/\/kampaoutdoors.com\/quiz\/\" data-type=\"page\" data-id=\"402\">Take the quiz again<\/a><\/p>\n","protected":false},"excerpt":{"rendered":"<p>HERZLICHEN GL\u00dcCKWUNSCH \u2013 Sie haben es geschafft. Willkommen im Club. Der Kampa-Algorithmus hat ermittelt: Die STERNGUCKER \u201cSie geh\u00f6ren zu denen, die die Sterne den Decken vorziehen. Kleinere Zelte. Gro\u00dfe Geschichten. Sie packen leicht, aber schlafen tief. Sie denken, vier W\u00e4nde sind viel zu viele \u2013 die Stille ist der Punkt. F\u00fcr Sie ist es deshalb<a href=\"https:\/\/kampaoutdoors.com\/de\/quiz\/the-stargazers\/\">Weiterlesen <span class=\"sr-only\">\u201cDie Sternengucker\u201d<\/span><\/a><\/p>","protected":false},"author":1,"featured_media":0,"parent":402,"menu_order":0,"comment_status":"closed","ping_status":"closed","template":"template-product-quiz.php","meta":{"_acf_changed":true,"_seopress_robots_primary_cat":"","_seopress_titles_title":"","_seopress_titles_desc":"","_seopress_robots_index":"","footnotes":""},"class_list":["post-451","page","type-page","status-publish","hentry"],"acf":[],"_links":{"self":[{"href":"https:\/\/kampaoutdoors.com\/de\/wp-json\/wp\/v2\/pages\/451","targetHints":{"allow":["GET"]}}],"collection":[{"href":"https:\/\/kampaoutdoors.com\/de\/wp-json\/wp\/v2\/pages"}],"about":[{"href":"https:\/\/kampaoutdoors.com\/de\/wp-json\/wp\/v2\/types\/page"}],"author":[{"embeddable":true,"href":"https:\/\/kampaoutdoors.com\/de\/wp-json\/wp\/v2\/users\/1"}],"replies":[{"embeddable":true,"href":"https:\/\/kampaoutdoors.com\/de\/wp-json\/wp\/v2\/comments?post=451"}],"version-history":[{"count":0,"href":"https:\/\/kampaoutdoors.com\/de\/wp-json\/wp\/v2\/pages\/451\/revisions"}],"up":[{"embeddable":true,"href":"https:\/\/kampaoutdoors.com\/de\/wp-json\/wp\/v2\/pages\/402"}],"wp:attachment":[{"href":"https:\/\/kampaoutdoors.com\/de\/wp-json\/wp\/v2\/media?parent=451"}],"curies":[{"name":"WordPress","href":"https:\/\/api.w.org\/{rel}","templated":true}]}}